{"id":542,"date":"2018-12-10T22:21:06","date_gmt":"2018-12-10T20:21:06","guid":{"rendered":"http:\/\/domsagan.se\/?page_id=542"},"modified":"2025-03-07T11:21:25","modified_gmt":"2025-03-07T09:21:25","slug":"andrahandsuthyrning","status":"publish","type":"page","link":"https:\/\/domsagan.se\/?page_id=542","title":{"rendered":"Andrahandsuthyrning"},"content":{"rendered":"<ul>\n<li>Om du vill hyra ut din l\u00e4genhet i andra hand m\u00e5ste du l\u00e4mna in en ans\u00f6kan och f\u00e5 godk\u00e4nt fr\u00e5n styrelsen.\u00a0Under fliken <a href=\"https:\/\/domsagan.se\/?page_id=162\">Dokument<\/a> i huvudmenyn hittar du\u00a0<a href=\"https:\/\/domsagan.se\/wp-content\/uploads\/2015\/07\/andrahandsuthyrning_bostadsratt.pdf\">Ans\u00f6kningsblankett <\/a>att skriva ut. Blanketten l\u00e4mnas i styrelsens brevl\u00e5da i port 30. Du kan ocks\u00e5 scanna in ans\u00f6kan och maila oss. Vi \u00e5terkommer med besked efter n\u00e4stkommande styrelsem\u00f6te.<\/li>\n<li>Vi beviljar andrahandsuthyrning f\u00f6r maximalt 1 \u00e5r i taget.<\/li>\n<li>N\u00e4r den godk\u00e4nda tiden b\u00f6rjar n\u00e4rma sig sitt slut \u00e4r det ditt ansvar som bostadsr\u00e4ttsinnehavare att inkomma med ny ans\u00f6kan om du \u00e4mnar forts\u00e4tta att hyra ut. Inga p\u00e5minnelser utg\u00e5r fr\u00e5n styrelsen. Icke-godk\u00e4nd andrahandsuthyrning \u00e4r inte till\u00e5ten och kan leda till att\u00a0bostadsr\u00e4tten anses f\u00f6rverkad, det vill s\u00e4ga att du s\u00e4gs upp och m\u00e5ste flytta.<\/li>\n<li>F\u00f6r alla andrahandsuthyrningar som beviljas fr\u00e5n och med 181210 tar vi ut en avgift p\u00e5 10 % av det prisbasbelopp som enligt socialf\u00f6rs\u00e4kringsbalken g\u00e4ller vid tidpunkten f\u00f6r ans\u00f6kan om andrahandsuthyrningen och betalas av bostadsr\u00e4ttshavaren. Om en l\u00e4genhet uppl\u00e5ts i andra hand under en del av ett \u00e5r, ber\u00e4knas den h\u00f6gsta till\u00e5tna avgiften f\u00f6r andrahandsuppl\u00e5telsen efter det antal kalenderm\u00e5nader som l\u00e4genheten \u00e4r uppl\u00e5ten.<\/li>\n<li>Kom ih\u00e5g att du som l\u00e4genhetsinnehavare \u00e4r ansvarig f\u00f6r att informera din hyresg\u00e4st om vad som g\u00e4ller i fastigheten avseende till exempel sophantering, tv\u00e4ttstugan etc. Du \u00e4r ocks\u00e5 ansvarig f\u00f6r din hyresg\u00e4st g\u00e4llande exempelvis st\u00f6rningar.<\/li>\n<li>Vi f\u00f6ljer bostadsr\u00e4ttslagen n\u00e4r det kommer till att bevilja \/ avsl\u00e5 andrahandsuthyrning. L\u00e4s mer p\u00e5<a href=\"http:\/\/www.hyresnamnden.se\/Hyra-i-andra-hand\/Bostadsratt\/\">\u00a0http:\/\/www.hyresnamnden.se\/Hyra-i-andra-hand\/Bostadsratt\/<\/a><\/li>\n<li>Vi till\u00e5ter inte korttidsuthyrning \u00e0 la Airbnb.<\/li>\n<\/ul>\n","protected":false},"excerpt":{"rendered":"<p>Om du vill hyra ut din l\u00e4genhet i andra hand m\u00e5ste du l\u00e4mna in en ans\u00f6kan och f\u00e5 godk\u00e4nt fr\u00e5n styrelsen.\u00a0Under fliken Dokument i huvudmenyn hittar du\u00a0Ans\u00f6kningsblankett att skriva ut. Blanketten l\u00e4mnas i styrelsens brevl\u00e5da i port 30. Du kan ocks\u00e5 scanna in ans\u00f6kan och maila oss. Vi \u00e5terkommer med besked efter n\u00e4stkommande styrelsem\u00f6te. Vi &hellip; <a href=\"https:\/\/domsagan.se\/?page_id=542\" class=\"more-link\">Continue reading <span class=\"screen-reader-text\">Andrahandsuthyrning<\/span><\/a><\/p>\n","protected":false},"author":1,"featured_media":0,"parent":0,"menu_order":0,"comment_status":"closed","ping_status":"closed","template":"","meta":{"footnotes":""},"class_list":["post-542","page","type-page","status-publish","hentry"],"_links":{"self":[{"href":"https:\/\/domsagan.se\/index.php?rest_route=\/wp\/v2\/pages\/542","targetHints":{"allow":["GET"]}}],"collection":[{"href":"https:\/\/domsagan.se\/index.php?rest_route=\/wp\/v2\/pages"}],"about":[{"href":"https:\/\/domsagan.se\/index.php?rest_route=\/wp\/v2\/types\/page"}],"author":[{"embeddable":true,"href":"https:\/\/domsagan.se\/index.php?rest_route=\/wp\/v2\/users\/1"}],"replies":[{"embeddable":true,"href":"https:\/\/domsagan.se\/index.php?rest_route=%2Fwp%2Fv2%2Fcomments&post=542"}],"version-history":[{"count":6,"href":"https:\/\/domsagan.se\/index.php?rest_route=\/wp\/v2\/pages\/542\/revisions"}],"predecessor-version":[{"id":924,"href":"https:\/\/domsagan.se\/index.php?rest_route=\/wp\/v2\/pages\/542\/revisions\/924"}],"wp:attachment":[{"href":"https:\/\/domsagan.se\/index.php?rest_route=%2Fwp%2Fv2%2Fmedia&parent=542"}],"curies":[{"name":"wp","href":"https:\/\/api.w.org\/{rel}","templated":true}]}}