{"id":4,"date":"2012-04-14T13:06:02","date_gmt":"2012-04-14T11:06:02","guid":{"rendered":"http:\/\/domsagan.se\/?page_id=4"},"modified":"2025-03-07T11:11:06","modified_gmt":"2025-03-07T09:11:06","slug":"tvattstuga","status":"publish","type":"page","link":"https:\/\/domsagan.se\/?page_id=4","title":{"rendered":"Tv\u00e4ttstuga"},"content":{"rendered":"<p>Tv\u00e4ttstugorna finns i k\u00e4llaren och\u00a0inreddes 2012. De \u00e4r tillg\u00e4ngliga klockan 7:00\u201322:00. Du kan boka tv\u00e4ttid p\u00e5 sk\u00e4rmen i k\u00e4llaren, via datorn p\u00e5\u00a0<a title=\"Till bokningssidan Aptus portal (\u00f6ppnas i nytt f\u00f6nster).\" href=\"http:\/\/domsagan.aptustotal.se\" target=\"_blank\" rel=\"noopener\">tv\u00e4ttstugebokning online<\/a>\u00a0eller via telefonen om du laddar hem Aptus app &#8220;Bokning&#8221;.\u00a0 Anv\u00e4ndarnamnet \u00e4r ordet lgh plus l\u00e4genhetsnumret; exempelvis &#8220;lgh12&#8221;.\u00a0Kontakta styrelsen om du vill ha l\u00f6senord till bokningen. Man kan sedan sj\u00e4lv \u00e4ndra l\u00f6senordet till ett som \u00e4r l\u00e4ttare att komma ih\u00e5g.<\/p>\n<p>Man kan boka en tv\u00e4ttid \u00e5t g\u00e5ngen. Tv\u00e4ttiden \u00e4r 3 timmar, plus en halvtimme in p\u00e5 n\u00e4sta tv\u00e4ttid f\u00f6r eventuell torkning av sista maskinen.<\/p>\n<p>I den stora tv\u00e4ttstugan finns tv\u00e5 tv\u00e4ttmaskiner, en torktumlare och ett torksk\u00e5p. Den v\u00e4nstra maskinen matas automatiskt med tv\u00e4ttmedel men den h\u00f6gra maskinen beh\u00f6ver du sj\u00e4lv ta med tv\u00e4ttmedel till.<\/p>\n<p>Om du \u00e4nd\u00e5 vill ha eget tv\u00e4ttmedel till den v\u00e4nstra maskinen ocks\u00e5 g\u00e5r det att st\u00e4nga av den automatiska doseringen och anv\u00e4nda flytande tv\u00e4ttmedel i en kula.<\/p>\n<p><a href=\"https:\/\/domsagan.se\/wp-content\/uploads\/2015\/07\/2015-07-12-19.53.53.jpg\"><img loading=\"lazy\" decoding=\"async\" class=\"alignnone size-medium wp-image-227\" src=\"https:\/\/domsagan.se\/wp-content\/uploads\/2015\/07\/2015-07-12-19.53.53-300x225.jpg\" alt=\"2015-07-12 19.53.53\" width=\"300\" height=\"225\" srcset=\"https:\/\/domsagan.se\/wp-content\/uploads\/2015\/07\/2015-07-12-19.53.53-300x225.jpg 300w, https:\/\/domsagan.se\/wp-content\/uploads\/2015\/07\/2015-07-12-19.53.53-1024x768.jpg 1024w\" sizes=\"auto, (max-width: 300px) 100vw, 300px\" \/><\/a><\/p>\n<p>Det finns ocks\u00e5 en spontantv\u00e4ttstuga, som inte g\u00e5r att boka, d\u00e4r det finns en tv\u00e4ttmaskin och en torktumlare. H\u00e4r beh\u00f6vs eget tv\u00e4ttmedel.<\/p>\n<p><a href=\"https:\/\/domsagan.se\/wp-content\/uploads\/2015\/07\/2015-07-12-19.54.15.jpg\"><img loading=\"lazy\" decoding=\"async\" class=\"alignnone size-medium wp-image-228\" src=\"https:\/\/domsagan.se\/wp-content\/uploads\/2015\/07\/2015-07-12-19.54.15-300x225.jpg\" alt=\"2015-07-12 19.54.15\" width=\"300\" height=\"225\" srcset=\"https:\/\/domsagan.se\/wp-content\/uploads\/2015\/07\/2015-07-12-19.54.15-300x225.jpg 300w, https:\/\/domsagan.se\/wp-content\/uploads\/2015\/07\/2015-07-12-19.54.15-1024x768.jpg 1024w\" sizes=\"auto, (max-width: 300px) 100vw, 300px\" \/><\/a><\/p>\n<p>Efter anv\u00e4ndning av tv\u00e4ttstugorna m\u00e5ste man ta bort ludd, torka av maskinerna och sopa golvet.<\/p>\n","protected":false},"excerpt":{"rendered":"<p>Tv\u00e4ttstugorna finns i k\u00e4llaren och\u00a0inreddes 2012. De \u00e4r tillg\u00e4ngliga klockan 7:00\u201322:00. Du kan boka tv\u00e4ttid p\u00e5 sk\u00e4rmen i k\u00e4llaren, via datorn p\u00e5\u00a0tv\u00e4ttstugebokning online\u00a0eller via telefonen om du laddar hem Aptus app &#8220;Bokning&#8221;.\u00a0 Anv\u00e4ndarnamnet \u00e4r ordet lgh plus l\u00e4genhetsnumret; exempelvis &#8220;lgh12&#8221;.\u00a0Kontakta styrelsen om du vill ha l\u00f6senord till bokningen. Man kan sedan sj\u00e4lv \u00e4ndra l\u00f6senordet till &hellip; <a href=\"https:\/\/domsagan.se\/?page_id=4\" class=\"more-link\">Continue reading <span class=\"screen-reader-text\">Tv\u00e4ttstuga<\/span><\/a><\/p>\n","protected":false},"author":1,"featured_media":0,"parent":0,"menu_order":3,"comment_status":"closed","ping_status":"open","template":"","meta":{"footnotes":""},"class_list":["post-4","page","type-page","status-publish","hentry"],"_links":{"self":[{"href":"https:\/\/domsagan.se\/index.php?rest_route=\/wp\/v2\/pages\/4","targetHints":{"allow":["GET"]}}],"collection":[{"href":"https:\/\/domsagan.se\/index.php?rest_route=\/wp\/v2\/pages"}],"about":[{"href":"https:\/\/domsagan.se\/index.php?rest_route=\/wp\/v2\/types\/page"}],"author":[{"embeddable":true,"href":"https:\/\/domsagan.se\/index.php?rest_route=\/wp\/v2\/users\/1"}],"replies":[{"embeddable":true,"href":"https:\/\/domsagan.se\/index.php?rest_route=%2Fwp%2Fv2%2Fcomments&post=4"}],"version-history":[{"count":30,"href":"https:\/\/domsagan.se\/index.php?rest_route=\/wp\/v2\/pages\/4\/revisions"}],"predecessor-version":[{"id":918,"href":"https:\/\/domsagan.se\/index.php?rest_route=\/wp\/v2\/pages\/4\/revisions\/918"}],"wp:attachment":[{"href":"https:\/\/domsagan.se\/index.php?rest_route=%2Fwp%2Fv2%2Fmedia&parent=4"}],"curies":[{"name":"wp","href":"https:\/\/api.w.org\/{rel}","templated":true}]}}