{"id":359,"date":"2016-05-04T22:55:33","date_gmt":"2016-05-04T20:55:33","guid":{"rendered":"http:\/\/domsagan.se\/?page_id=359"},"modified":"2025-03-07T12:47:53","modified_gmt":"2025-03-07T10:47:53","slug":"faq","status":"publish","type":"page","link":"https:\/\/domsagan.se\/?page_id=359","title":{"rendered":"FAQ"},"content":{"rendered":"<p>H\u00e4r hittar du svar p\u00e5 n\u00e5gra av de vanligaste fr\u00e5gor som inkommer till styrelsen. Har du n\u00e5gon fr\u00e5ga som du inte f\u00e5r svar p\u00e5 h\u00e4r \u00e4r det bara att maila till styrelsemailen.<\/p>\n<p><strong>Fr\u00e5ga: Hur \u00e4ndrar jag mitt namn p\u00e5 d\u00f6rren och i porten efter inflytt?<\/strong><\/p>\n<p>Svar: G\u00e5 in p\u00e5 v\u00e5r hemsida och in p\u00e5 fliken &#8220;Felanm\u00e4lan&#8221; och g\u00f6r en felanm\u00e4lan till fastighetssk\u00f6taren Jensen, d\u00e4r skriver du att du beh\u00f6ver hj\u00e4lp med byte av namn, skriv \u00e4ven adress och lgh nummer.<\/p>\n<p><strong>Fr\u00e5ga:\u00a0Jag har\u00a0inte f\u00e5tt min avgiftsavi\u00a0f\u00f6r den h\u00e4r m\u00e5naden. Vem ska jag kontakta?<\/strong><\/p>\n<p>Svar: V\u00e5r ekonomiska f\u00f6rvaltare <a href=\"https:\/\/www.botema.se\/\" target=\"_blank\" rel=\"noopener\">Botema<\/a> ansvarar f\u00f6r s\u00e5dana fr\u00e5gor. Kontakta dem p\u00e5 08 &#8211; 32 74 60 eller maila info@botema.se.<\/p>\n<p><strong>Fr\u00e5ga:\u00a0Kan jag betala min avgift med autogiro?\u00a0<\/strong><\/p>\n<p>Svar: Ja det g\u00e5r. Kontakta <a href=\"https:\/\/www.botema.se\/\" target=\"_blank\" rel=\"noopener\">Botema<\/a> enligt ovan.<\/p>\n<p><strong>Fr\u00e5ga:\u00a0F\u00e5r jag hyra ut min bostadsr\u00e4ttsl\u00e4genhet i andra hand?<\/strong><\/p>\n<p>Svar: Ja, om du inkommer med en ans\u00f6kan om detta och styrelsen godk\u00e4nner andrahandsuthyrningen. Se flik <a href=\"https:\/\/domsagan.se\/?page_id=542\">Andrahandsuthyrning<\/a> i huvudmenyn f\u00f6r all information.<\/p>\n<p><strong>Fr\u00e5ga: Vad ska jag g\u00f6ra om jag uppt\u00e4cker ett fel i fastigheten? R\u00e4cker det med att maila styrelsen?<\/strong><\/p>\n<p>Svar: Du ska g\u00f6ra en felanm\u00e4lan elektroniskt, via telefon eller g\u00e5 \u00f6ver och prata med v\u00e5r fastighetsf\u00f6rvaltare <a href=\"https:\/\/www.jensendrift.se\/\" target=\"_blank\" rel=\"noopener\">Jensen<\/a>. Kontaktinfo hittar du under fliken <a href=\"https:\/\/domsagan.se\/?page_id=50\">Felanm\u00e4lan<\/a> i huvudmenyn. Det r\u00e4cker <em>inte<\/em> med att maila styrelsen, d\u00e5 styrelsemailen inte kollas dagligen. Det \u00e4r allas ansvar att meddela fastighetssk\u00f6taren vid fel i fastigheten.<\/p>\n<p><strong>Fr\u00e5ga: F\u00e5r jag renovera eller bygga om i min l\u00e4genhet som jag vill utan att meddela styrelsen innan?<\/strong><\/p>\n<p>Svar: Ytskiktsrenovering och renovering\/utbyte av inredning (garderober, innerd\u00f6rrar, k\u00f6ksinredning etcetera) f\u00e5r du utf\u00f6ra utan att fr\u00e5ga\u00a0styrelsen. Vad g\u00e4ller k\u00f6ks- och badrumsrenoveringar som kr\u00e4ver \u00e4ndrade vatten- och avloppsledningar beh\u00f6vs styrelsens godk\u00e4nnande. Vill du riva eller flytta en v\u00e4gg vill vi att du kollar med styrelsen f\u00f6rst. B\u00e4rande v\u00e4ggar f\u00e5r f\u00f6rst\u00e5s aldrig r\u00f6ras.<\/p>\n<p>Renoveringar eller ombyggnationer som inverkar menligt p\u00e5\u00a0l\u00e4genhetens ventilation, till exempel att s\u00e4tta ett k\u00f6kssk\u00e5p framf\u00f6r ventilationslucka, \u00e4r ej godk\u00e4nda. Man f\u00e5r inte heller ansluta k\u00f6ksfl\u00e4kt till ventilationen.<\/p>\n<p>\u00c4r du os\u00e4ker s\u00e5 \u00e4r det alltid b\u00e4ttre att kolla med oss eller fastighetssk\u00f6taren <a href=\"https:\/\/www.jensendrift.se\/\">Jensen<\/a> f\u00f6rst!<\/p>\n<p><strong>Fr\u00e5ga: Hur ska jag g\u00e5 tillv\u00e4ga om jag vill ha en extra nyckel eller en extra portbricka?<\/strong><\/p>\n<p>Svar: Kontakta Bergs l\u00e5s f\u00f6r en ny bricka och programmering. Programmering kostar 100 kr (2018). Om du inte har med dig bricka kostar programmering + bricka 200 kr (2018).<\/p>\n<p>Bergs l\u00e5s: bes\u00f6ksadress Lingv\u00e4gen 98 B, 12245 Enskede, telefonnummer 08-863030 (journummer 070-7695800), hemsida www.bergslas.se och mail info@bergslas.se.<\/p>\n","protected":false},"excerpt":{"rendered":"<p>H\u00e4r hittar du svar p\u00e5 n\u00e5gra av de vanligaste fr\u00e5gor som inkommer till styrelsen. Har du n\u00e5gon fr\u00e5ga som du inte f\u00e5r svar p\u00e5 h\u00e4r \u00e4r det bara att maila till styrelsemailen. Fr\u00e5ga: Hur \u00e4ndrar jag mitt namn p\u00e5 d\u00f6rren och i porten efter inflytt? Svar: G\u00e5 in p\u00e5 v\u00e5r hemsida och in p\u00e5 fliken &hellip; <a href=\"https:\/\/domsagan.se\/?page_id=359\" class=\"more-link\">Continue reading <span class=\"screen-reader-text\">FAQ<\/span><\/a><\/p>\n","protected":false},"author":1,"featured_media":0,"parent":0,"menu_order":0,"comment_status":"closed","ping_status":"closed","template":"","meta":{"footnotes":""},"class_list":["post-359","page","type-page","status-publish","hentry"],"_links":{"self":[{"href":"https:\/\/domsagan.se\/index.php?rest_route=\/wp\/v2\/pages\/359","targetHints":{"allow":["GET"]}}],"collection":[{"href":"https:\/\/domsagan.se\/index.php?rest_route=\/wp\/v2\/pages"}],"about":[{"href":"https:\/\/domsagan.se\/index.php?rest_route=\/wp\/v2\/types\/page"}],"author":[{"embeddable":true,"href":"https:\/\/domsagan.se\/index.php?rest_route=\/wp\/v2\/users\/1"}],"replies":[{"embeddable":true,"href":"https:\/\/domsagan.se\/index.php?rest_route=%2Fwp%2Fv2%2Fcomments&post=359"}],"version-history":[{"count":28,"href":"https:\/\/domsagan.se\/index.php?rest_route=\/wp\/v2\/pages\/359\/revisions"}],"predecessor-version":[{"id":954,"href":"https:\/\/domsagan.se\/index.php?rest_route=\/wp\/v2\/pages\/359\/revisions\/954"}],"wp:attachment":[{"href":"https:\/\/domsagan.se\/index.php?rest_route=%2Fwp%2Fv2%2Fmedia&parent=359"}],"curies":[{"name":"wp","href":"https:\/\/api.w.org\/{rel}","templated":true}]}}