{"id":241,"date":"2015-07-12T20:12:33","date_gmt":"2015-07-12T18:12:33","guid":{"rendered":"http:\/\/domsagan.se\/?page_id=241"},"modified":"2025-03-07T13:36:32","modified_gmt":"2025-03-07T11:36:32","slug":"omgivning","status":"publish","type":"page","link":"https:\/\/domsagan.se\/?page_id=241","title":{"rendered":"Omgivning"},"content":{"rendered":"\n\n<p><\/p>\n\n\n<p><strong>Kommunikationer<\/strong><\/p>\n<p>Det tar cirka 7 minuter att g\u00e5 till Svedmyra tunnelbanestation (gr\u00f6n linje 19). Man kan ocks\u00e5 g\u00e5 till Tallkrogen (gr\u00f6n linje 18), vilket tar n\u00e5gra minuter l\u00e4ngre. Buss 161 stannar n\u00e4ra ute p\u00e5 Enskedev\u00e4gen, h\u00e5llplatsen heter Postiljonsv\u00e4gen. Nere vid Svedmyra tunnelbanestation stannar \u00e4ven buss 163, som g\u00e5r mellan Bred\u00e4ng och K\u00e4rrtorp.<\/p>\n<p><strong>Mat<\/strong><\/p>\n<p>Nere vid tunnelbanan ligger Ica MAXI BEA, en v\u00e4lsorterad matbutik med f\u00f6rutom en stor matavdelning \u00e4ven en underv\u00e5ning d\u00e4r man s\u00e4ljer m\u00e5larf\u00e4rg, tr\u00e4dg\u00e5rdsartiklar, inredning, leksaker, skor med mera. Vid BEA finns ocks\u00e5 en pizzeria samt en torghandel f\u00f6r blommor. Vid juletid s\u00e4ljs det julgranar utanf\u00f6r BEA.<\/p>\n<p>Det finns ocks\u00e5 ett litet n\u00e4rlivs p\u00e5 Postiljonsv\u00e4gen, bara n\u00e5gon minut bort. P\u00e5 samma gata finns det ett skr\u00e4dderi\/kemtv\u00e4tt, en pizzeria samt en sk\u00f6nhetssalong. P\u00e5 torget mittemot v\u00e5rt hus finns en thai- och sushirestaurang samt ett galleri (JJ form) som \u00e4ven ibland brukar ha lite loppis samt s\u00e4lja v\u00e4xter, utvalda organiska matvaror samt fika.<\/p>\n<p>Ett stenkast bort p\u00e5 Oppundav\u00e4gen finns det m\u00f6jlighet att k\u00f6pa h\u00e4mtmat s\u00e5som sushi, pizza, kebab och deli. Det finns \u00e4ven fris\u00f6r och sk\u00f6nhetssalong.<\/p>\n<p>I Tallkrogens centrum finns pizzeria, thairestaurang och en indisk restaurang.<\/p>\n<p>\u00c4nnu st\u00f6rre utbud finns t.ex i Gubb\u00e4ngen och gamla Enskede, b\u00e4gge ligger cirka 30 minuters promenad bort.<\/p>\n<p><strong>V\u00e5rd<\/strong><\/p>\n<p>Stureby V\u00e5rdcentral \u00e4r den n\u00e4rmaste v\u00e5rdcentralen och ligger bakom Svedmyra tunnelbana vid Stureby sjukhem. Man erbjuder prim\u00e4rv\u00e5rd samt BVC. Det finns ett litet apotek i anslutning till v\u00e5rdcentralen.<\/p>\n<p>Svedmyrabadet, strax intill Ica, erbjuder bad och varmvattentr\u00e4ning f\u00f6r de som \u00e4r i behov av varma bad f\u00f6r rehabilitering eller f\u00f6r funktionshindrade.<\/p>\n<p><strong>Barn<\/strong><\/p>\n<p>Omr\u00e5det \u00e4r rikt p\u00e5 lekplatser och n\u00e4rmast ligger den trevliga och fint upprustade Oppundaparken, d\u00e4r det f\u00f6rutom kl\u00e4tterst\u00e4llning, linbana, sandl\u00e5da med bondg\u00e5rdstema och fotbollsplan \u00e4ven finns ett utegym och grillm\u00f6jligheter. En nybyggd mindre lekpark med f\u00e5geltema ligger i slutet av Sotholmsv\u00e4gen. Inom g\u00e5ngavst\u00e5nd kan n\u00e4mnas \u00e4ven Band\u00e4ngens parklek, Vivstavarvsparken, lekparken vid Stureby sjukhus, V\u00e5rflodsparken, parkleken Odlar\u00e4ngen i Tallkrogen samt parkleken Nybygget i Gubb\u00e4ngen.<\/p>\n<p>Flera f\u00f6rskolor och skolor finns i n\u00e4romr\u00e5det. Barnen i f\u00f6reningen h\u00f6r geografiskt i f\u00f6rsta hand till <a href=\"https:\/\/grundskola.stockholm\/hitta-grundskola\/grundskola\/tallkrogens-skola-f-6\/\">Tallkrogens skola.<\/a><\/p>\n<p>F\u00f6rskolan Kolonetten tillf\u00f6r Farsta stadsdelsf\u00f6rvaltning.<\/p>\n<p>F\u00f6rskolan J\u00f6sse tillh\u00f6r Enskede-\u00c5rsta-Vant\u00f6rs stadsdelsf\u00f6rvaltning.<\/p>\n<p><strong>Natur<\/strong><\/p>\n<p>Majroskogen ligger bara n\u00e5gon minut bort, en mycket vacker och or\u00f6rd skog som gjord f\u00f6r l\u00f6pturer, svamp- eller bl\u00e5b\u00e4rsplockning.<\/p>\n<p>L\u00e4s mer om Majroskogen\u00a0<a href=\"https:\/\/soderort.naturskyddsforeningen.se\/gronomraden\/\" target=\"_blank\" rel=\"noopener\">h\u00e4r<\/a>.<\/p>\n<p>\u00c4ven Svedmyraskogen finns i n\u00e4romr\u00e5det.<\/p>","protected":false},"excerpt":{"rendered":"<p>Kommunikationer Det tar cirka 7 minuter att g\u00e5 till Svedmyra tunnelbanestation (gr\u00f6n linje 19). Man kan ocks\u00e5 g\u00e5 till Tallkrogen (gr\u00f6n linje 18), vilket tar n\u00e5gra minuter l\u00e4ngre. Buss 161 stannar n\u00e4ra ute p\u00e5 Enskedev\u00e4gen, h\u00e5llplatsen heter Postiljonsv\u00e4gen. Nere vid Svedmyra tunnelbanestation stannar \u00e4ven buss 163, som g\u00e5r mellan Bred\u00e4ng och K\u00e4rrtorp. Mat Nere vid &hellip; <a href=\"https:\/\/domsagan.se\/?page_id=241\" class=\"more-link\">Continue reading <span class=\"screen-reader-text\">Omgivning<\/span><\/a><\/p>\n","protected":false},"author":1,"featured_media":0,"parent":0,"menu_order":0,"comment_status":"closed","ping_status":"open","template":"","meta":{"footnotes":""},"class_list":["post-241","page","type-page","status-publish","hentry"],"_links":{"self":[{"href":"https:\/\/domsagan.se\/index.php?rest_route=\/wp\/v2\/pages\/241","targetHints":{"allow":["GET"]}}],"collection":[{"href":"https:\/\/domsagan.se\/index.php?rest_route=\/wp\/v2\/pages"}],"about":[{"href":"https:\/\/domsagan.se\/index.php?rest_route=\/wp\/v2\/types\/page"}],"author":[{"embeddable":true,"href":"https:\/\/domsagan.se\/index.php?rest_route=\/wp\/v2\/users\/1"}],"replies":[{"embeddable":true,"href":"https:\/\/domsagan.se\/index.php?rest_route=%2Fwp%2Fv2%2Fcomments&post=241"}],"version-history":[{"count":28,"href":"https:\/\/domsagan.se\/index.php?rest_route=\/wp\/v2\/pages\/241\/revisions"}],"predecessor-version":[{"id":960,"href":"https:\/\/domsagan.se\/index.php?rest_route=\/wp\/v2\/pages\/241\/revisions\/960"}],"wp:attachment":[{"href":"https:\/\/domsagan.se\/index.php?rest_route=%2Fwp%2Fv2%2Fmedia&parent=241"}],"curies":[{"name":"wp","href":"https:\/\/api.w.org\/{rel}","templated":true}]}}