{"id":162,"date":"2015-07-12T15:34:15","date_gmt":"2015-07-12T13:34:15","guid":{"rendered":"http:\/\/domsagan.se\/?page_id=162"},"modified":"2026-04-22T11:00:46","modified_gmt":"2026-04-22T09:00:46","slug":"dokument","status":"publish","type":"page","link":"https:\/\/domsagan.se\/?page_id=162","title":{"rendered":"Dokument"},"content":{"rendered":"\n<h4 class=\"wp-block-heading\">Byggnaden<\/h4>\n\n\n\n<p><a href=\"https:\/\/domsagan.se\/wp-content\/uploads\/2018\/05\/Stadgar-Brf-Domsagan-1-utkast-180501.docx\">F\u00f6reningens stadgar<\/a><br><a href=\"https:\/\/domsagan.se\/wp-content\/uploads\/2015\/07\/Teknisk-besiktning.pdf\">Teknisk-besiktning<\/a><br><a href=\"https:\/\/domsagan.se\/wp-content\/uploads\/2015\/07\/Domsagan1-ekplan.pdf\">Ekonomisk Plan<\/a><br><a href=\"https:\/\/domsagan.se\/wp-content\/uploads\/2021\/04\/BRF-Domsagan-1-1021259-deklaration1.pdf\">Energideklaration 2019<\/a><br><a href=\"https:\/\/domsagan.se\/wp-content\/uploads\/2021\/04\/HS-Radon-avslutsbrev.pdf\">Radonm\u00e4tning 2020\/2021<\/a><\/p>\n\n\n\n<h4 class=\"wp-block-heading\">Blanketter<\/h4>\n\n\n\n<p><a href=\"https:\/\/domsagan.se\/wp-content\/uploads\/2015\/07\/andrahandsuthyrning_bostadsratt.pdf\">Ans\u00f6kningsblankett Andrahandsuthyrning bostadsr\u00e4tt<\/a><\/p>\n\n\n\n<h4 class=\"wp-block-heading\">\u00c5rsredovisningar<\/h4>\n\n\n\n<p><a href=\"https:\/\/domsagan.se\/wp-content\/uploads\/2026\/04\/Arsredovisning2025.pdf\" data-type=\"attachment\" data-id=\"1021\">\u00c5rsredovisning 2025<\/a> <a href=\"https:\/\/domsagan.se\/wp-content\/uploads\/2026\/04\/Revisionsberattelse-2025.pdf\" data-type=\"attachment\" data-id=\"1024\">Revisionsber\u00e4ttelse 2025<\/a><br><a href=\"https:\/\/domsagan.se\/wp-content\/uploads\/2025\/04\/Arsredovisning-2024.pdf\">\u00c5rsredovisning<\/a><a href=\"https:\/\/domsagan.se\/wp-content\/uploads\/2025\/04\/signed-document.pdf\"> <\/a><a href=\"https:\/\/domsagan.se\/wp-content\/uploads\/2025\/04\/signed-document.pdf\"><\/a><a href=\"https:\/\/domsagan.se\/wp-content\/uploads\/2025\/04\/signed-document.pdf\">2024<\/a> <a href=\"https:\/\/domsagan.se\/wp-content\/uploads\/2025\/05\/Revisionsberattelse-2024-Brf-Domsagan-1.pades_.pdf\" data-type=\"attachment\" data-id=\"994\">Revisionsber\u00e4ttelse 2024<\/a><br><a href=\"https:\/\/domsagan.se\/wp-content\/uploads\/2024\/05\/Arsredovisning-signerad-2023-1.pdf\">\u00c5rsredovisning 2023<\/a><br><a href=\"https:\/\/domsagan.se\/wp-content\/uploads\/2023\/04\/Brf-Domsagan-1-Arsredovisning-2022-1.pdf\">\u00c5rsredovisning 2022<\/a><br><a href=\"https:\/\/domsagan.se\/wp-content\/uploads\/2022\/06\/Brf-Domsagan-1-Arsredovisning-2021-1.pdf\">\u00c5rsredovisning 2021<\/a><br><a href=\"https:\/\/domsagan.se\/wp-content\/uploads\/2022\/06\/Brf-Domsagan-1-Arsredovisning-2020-2.pdf\">\u00c5rsredovisning 2020<\/a><br><a href=\"https:\/\/domsagan.se\/wp-content\/uploads\/2020\/05\/\u00c5rsredovisning-BRF-Domsagan-1-2019.pdf\">\u00c5rsredovisning 2019<\/a><br><a href=\"https:\/\/domsagan.se\/wp-content\/uploads\/2019\/05\/\u00c5R-BRF-Domsagan-1-korrigerad.pdf\">\u00c5rsredovisning 2018<\/a><br><a href=\"https:\/\/domsagan.se\/wp-content\/uploads\/2018\/05\/131-BRF-Domsagan-1-170101-171231-nr-2.pdf\">\u00c5rsredovisning 2017<\/a><br><a href=\"https:\/\/domsagan.se\/wp-content\/uploads\/2015\/07\/Brf-Domsagan-1-\u00c5rsredovisning-2016.pdf\">\u00c5rsredovisning 2016<\/a><br><a href=\"https:\/\/domsagan.se\/wp-content\/uploads\/2015\/07\/Brf-Domsagan-1-\u00c5rsredovisning-2015.pdf\">\u00c5rsredovisning 2015<\/a><br><a href=\"https:\/\/domsagan.se\/wp-content\/uploads\/2015\/07\/131-BRF-Domsagan-1-140101-141231-15-05-28.pdf\">\u00c5rsredovisning 2014<\/a><\/p>\n\n\n\n<h4 class=\"wp-block-heading\">\u00c5rsst\u00e4mmor<\/h4>\n\n\n\n<p><a href=\"https:\/\/domsagan.se\/wp-content\/uploads\/2025\/03\/Protokoll-arsstamma-BRF-Domsagan-1-2024-05-23.pdf\" data-type=\"attachment\" data-id=\"980\">Protokoll \u00e5rsst\u00e4mma 2024<\/a><br><a href=\"https:\/\/domsagan.se\/wp-content\/uploads\/2025\/03\/Protokoll-arstamma-brf-Domsagan-1-2023.pdf\" data-type=\"attachment\" data-id=\"981\">Protokoll \u00e5rsst\u00e4mma 2023<\/a><br><a href=\"https:\/\/domsagan.se\/wp-content\/uploads\/2025\/03\/Protokoll-arstamma-brf-Domsagan-1-2022.pdf\" data-type=\"attachment\" data-id=\"982\">Protokoll \u00e5rsst\u00e4mma 2022<\/a><br><a href=\"https:\/\/domsagan.se\/wp-content\/uploads\/2021\/08\/scanned.pdf\">Protokoll \u00e5rsst\u00e4mma 2021<\/a><br><a href=\"https:\/\/domsagan.se\/wp-content\/uploads\/2020\/06\/\u00e5rsst\u00e4mma-verksamhets\u00e5r-2019-p\u00e5skrivet.pdf\">Protokoll \u00e5rsst\u00e4mma 2020<\/a><br><a href=\"https:\/\/domsagan.se\/wp-content\/uploads\/2019\/05\/Skanning_20190527.pdf\">Protokoll \u00e5rsst\u00e4mma 2019<\/a> <br><a href=\"https:\/\/domsagan.se\/wp-content\/uploads\/2025\/03\/Protokoll-Arsstamma-Brf-Domsagan-1.pdf\" data-type=\"attachment\" data-id=\"983\">Protokoll \u00e5rsst\u00e4mma 2018<\/a><br><a href=\"https:\/\/domsagan.se\/wp-content\/uploads\/2015\/07\/Protokoll-\u00e5rsst\u00e4mma-2016.pdf\">Protokoll \u00e5rsst\u00e4mma 2016<\/a><\/p>\n\n\n\n<p><\/p>\n","protected":false},"excerpt":{"rendered":"<p>Byggnaden F\u00f6reningens stadgarTeknisk-besiktningEkonomisk PlanEnergideklaration 2019Radonm\u00e4tning 2020\/2021 Blanketter Ans\u00f6kningsblankett Andrahandsuthyrning bostadsr\u00e4tt \u00c5rsredovisningar \u00c5rsredovisning 2025 Revisionsber\u00e4ttelse 2025\u00c5rsredovisning 2024 Revisionsber\u00e4ttelse 2024\u00c5rsredovisning 2023\u00c5rsredovisning 2022\u00c5rsredovisning 2021\u00c5rsredovisning 2020\u00c5rsredovisning 2019\u00c5rsredovisning 2018\u00c5rsredovisning 2017\u00c5rsredovisning 2016\u00c5rsredovisning 2015\u00c5rsredovisning 2014 \u00c5rsst\u00e4mmor Protokoll \u00e5rsst\u00e4mma 2024Protokoll \u00e5rsst\u00e4mma 2023Protokoll \u00e5rsst\u00e4mma 2022Protokoll \u00e5rsst\u00e4mma 2021Protokoll \u00e5rsst\u00e4mma 2020Protokoll \u00e5rsst\u00e4mma 2019 Protokoll \u00e5rsst\u00e4mma 2018Protokoll \u00e5rsst\u00e4mma 2016<\/p>\n","protected":false},"author":1,"featured_media":0,"parent":0,"menu_order":0,"comment_status":"closed","ping_status":"open","template":"","meta":{"footnotes":""},"class_list":["post-162","page","type-page","status-publish","hentry"],"_links":{"self":[{"href":"https:\/\/domsagan.se\/index.php?rest_route=\/wp\/v2\/pages\/162","targetHints":{"allow":["GET"]}}],"collection":[{"href":"https:\/\/domsagan.se\/index.php?rest_route=\/wp\/v2\/pages"}],"about":[{"href":"https:\/\/domsagan.se\/index.php?rest_route=\/wp\/v2\/types\/page"}],"author":[{"embeddable":true,"href":"https:\/\/domsagan.se\/index.php?rest_route=\/wp\/v2\/users\/1"}],"replies":[{"embeddable":true,"href":"https:\/\/domsagan.se\/index.php?rest_route=%2Fwp%2Fv2%2Fcomments&post=162"}],"version-history":[{"count":60,"href":"https:\/\/domsagan.se\/index.php?rest_route=\/wp\/v2\/pages\/162\/revisions"}],"predecessor-version":[{"id":1025,"href":"https:\/\/domsagan.se\/index.php?rest_route=\/wp\/v2\/pages\/162\/revisions\/1025"}],"wp:attachment":[{"href":"https:\/\/domsagan.se\/index.php?rest_route=%2Fwp%2Fv2%2Fmedia&parent=162"}],"curies":[{"name":"wp","href":"https:\/\/api.w.org\/{rel}","templated":true}]}}