{"id":144,"date":"2015-07-12T15:06:02","date_gmt":"2015-07-12T13:06:02","guid":{"rendered":"http:\/\/domsagan.se\/?page_id=144"},"modified":"2025-03-07T13:38:26","modified_gmt":"2025-03-07T11:38:26","slug":"sophantering","status":"publish","type":"page","link":"https:\/\/domsagan.se\/?page_id=144","title":{"rendered":"Sophantering"},"content":{"rendered":"<p>Sopor sl\u00e4ngs i beh\u00e5llare som st\u00e5r utanf\u00f6r port 28. Det finns en beh\u00e5llare f\u00f6r br\u00e4nnbart avfall och en f\u00f6r matavfall, d\u00e4r man m\u00e5ste anv\u00e4nda bruna pappersp\u00e5sar f\u00f6r att sl\u00e4nga matavfall i. Varje l\u00e4genhet har tilldelats 1-2 pandanycklar som g\u00e5r till matavfallsbeh\u00e5llaren.<\/p>\n<p>Vi har k\u00e4llsorteringsbeh\u00e5llare f\u00f6r glas och papper utanf\u00f6r port 26.<\/p>\n<p>Sopbeh\u00e5llarna \u00e4gs inte av f\u00f6reningen enbart utan av Sopsamf\u00e4lligheten Domsagan d\u00e4r flera f\u00f6reningar samt Familjebost\u00e4der i n\u00e4romr\u00e5det ing\u00e5r och delar p\u00e5 kostnaderna. Detta inneb\u00e4r att vi f\u00e5r sl\u00e4nga sopor \u00e4ven i andra gemensamma beh\u00e5llare i n\u00e4romr\u00e5det (inte de som \u00e4r privata f\u00f6r enskilda f\u00f6reningar) och andra boende i omr\u00e5det som tillh\u00f6r Sopsamf\u00e4lligheten f\u00e5r sl\u00e4nga i &#8220;v\u00e5r&#8221; beh\u00e5llare.<\/p>\n<p>Senaste \u00e5ret har Sopsamf\u00e4llighetens kostnader \u00f6kat p\u00e5 grund av att vissa personer st\u00e4ller grovsopor vid sopbeh\u00e5llarna, vilket f\u00f6rst\u00e5s inte \u00e4r till\u00e5tet.<\/p>\n<p>F\u00f6reningen har inget grovsoprum och det \u00e4r absolut f\u00f6rbjudet att st\u00e4lla grovsopor i k\u00e4llaren eller andra gemensamma utrymmen pga brandfara samt kostnader f\u00f6r bortforsling som drabbar f\u00f6reningen.<\/p>\n<p>En g\u00e5ng per \u00e5r brukar f\u00f6reningen hyra in en container f\u00f6r att sl\u00e4nga avfall fr\u00e5n f\u00f6reningens st\u00e4ddag samt f\u00f6r att ge medlemmarna en m\u00f6jlighet att g\u00f6ra sig av med grovsopor.<\/p>\n","protected":false},"excerpt":{"rendered":"<p>Sopor sl\u00e4ngs i beh\u00e5llare som st\u00e5r utanf\u00f6r port 28. Det finns en beh\u00e5llare f\u00f6r br\u00e4nnbart avfall och en f\u00f6r matavfall, d\u00e4r man m\u00e5ste anv\u00e4nda bruna pappersp\u00e5sar f\u00f6r att sl\u00e4nga matavfall i. Varje l\u00e4genhet har tilldelats 1-2 pandanycklar som g\u00e5r till matavfallsbeh\u00e5llaren. Vi har k\u00e4llsorteringsbeh\u00e5llare f\u00f6r glas och papper utanf\u00f6r port 26. Sopbeh\u00e5llarna \u00e4gs inte av &hellip; <a href=\"https:\/\/domsagan.se\/?page_id=144\" class=\"more-link\">Continue reading <span class=\"screen-reader-text\">Sophantering<\/span><\/a><\/p>\n","protected":false},"author":1,"featured_media":0,"parent":0,"menu_order":0,"comment_status":"closed","ping_status":"open","template":"","meta":{"footnotes":""},"class_list":["post-144","page","type-page","status-publish","hentry"],"_links":{"self":[{"href":"https:\/\/domsagan.se\/index.php?rest_route=\/wp\/v2\/pages\/144","targetHints":{"allow":["GET"]}}],"collection":[{"href":"https:\/\/domsagan.se\/index.php?rest_route=\/wp\/v2\/pages"}],"about":[{"href":"https:\/\/domsagan.se\/index.php?rest_route=\/wp\/v2\/types\/page"}],"author":[{"embeddable":true,"href":"https:\/\/domsagan.se\/index.php?rest_route=\/wp\/v2\/users\/1"}],"replies":[{"embeddable":true,"href":"https:\/\/domsagan.se\/index.php?rest_route=%2Fwp%2Fv2%2Fcomments&post=144"}],"version-history":[{"count":8,"href":"https:\/\/domsagan.se\/index.php?rest_route=\/wp\/v2\/pages\/144\/revisions"}],"predecessor-version":[{"id":885,"href":"https:\/\/domsagan.se\/index.php?rest_route=\/wp\/v2\/pages\/144\/revisions\/885"}],"wp:attachment":[{"href":"https:\/\/domsagan.se\/index.php?rest_route=%2Fwp%2Fv2%2Fmedia&parent=144"}],"curies":[{"name":"wp","href":"https:\/\/api.w.org\/{rel}","templated":true}]}}